{"id":4903,"date":"2023-08-24T13:21:54","date_gmt":"2023-08-24T11:21:54","guid":{"rendered":"https:\/\/kpbintra.cz\/obchodni-zastoupeni\/"},"modified":"2026-03-24T15:44:31","modified_gmt":"2026-03-24T14:44:31","slug":"sales-representatives-and-partners","status":"publish","type":"page","link":"https:\/\/kpbintra.cz\/en\/sales-representatives-and-partners\/","title":{"rendered":"Sales representatives and partners"},"content":{"rendered":"","protected":false},"excerpt":{"rendered":"","protected":false},"author":1,"featured_media":0,"parent":0,"menu_order":0,"comment_status":"closed","ping_status":"closed","template":"template-shop.php","meta":{"footnotes":""},"class_list":["post-4903","page","type-page","status-publish","hentry"],"yoast_head":"<!-- This site is optimized with the Yoast SEO plugin v20.13 - https:\/\/yoast.com\/wordpress\/plugins\/seo\/ -->\n<title>Sales representatives and partners - KPB Intra<\/title>\n<meta name=\"description\" content=\"Sales representatives and partners in 20 countries across Europe, Asia, and Africa allows for consultations with customers in their native language regarding your inquiries and requirements, as well as providing technical support.\" \/>\n<meta name=\"robots\" content=\"index, follow, max-snippet:-1, max-image-preview:large, max-video-preview:-1\" \/>\n<link rel=\"canonical\" href=\"https:\/\/kpbintra.cz\/en\/sales-representatives-and-partners\/\" \/>\n<meta property=\"og:locale\" content=\"en_US\" \/>\n<meta property=\"og:type\" content=\"article\" \/>\n<meta property=\"og:title\" content=\"Sales representatives and partners - KPB Intra\" \/>\n<meta property=\"og:description\" content=\"Sales representatives and partners in 20 countries across Europe, Asia, and Africa allows for consultations with customers in their native language regarding your inquiries and requirements, as well as providing technical support.\" \/>\n<meta property=\"og:url\" content=\"https:\/\/kpbintra.cz\/en\/sales-representatives-and-partners\/\" \/>\n<meta property=\"og:site_name\" content=\"KPB Intra\" \/>\n<meta property=\"article:modified_time\" content=\"2026-03-24T14:44:31+00:00\" \/>\n<meta name=\"twitter:card\" content=\"summary_large_image\" \/>\n<script type=\"application\/ld+json\" class=\"yoast-schema-graph\">{\"@context\":\"https:\/\/schema.org\",\"@graph\":[{\"@type\":\"WebPage\",\"@id\":\"https:\/\/kpbintra.cz\/en\/sales-representatives-and-partners\/\",\"url\":\"https:\/\/kpbintra.cz\/en\/sales-representatives-and-partners\/\",\"name\":\"Sales representatives and partners - KPB Intra\",\"isPartOf\":{\"@id\":\"https:\/\/kpbintra.cz\/#website\"},\"datePublished\":\"2023-08-24T11:21:54+00:00\",\"dateModified\":\"2026-03-24T14:44:31+00:00\",\"description\":\"Sales representatives and partners in 20 countries across Europe, Asia, and Africa allows for consultations with customers in their native language regarding your inquiries and requirements, as well as providing technical support.\",\"breadcrumb\":{\"@id\":\"https:\/\/kpbintra.cz\/en\/sales-representatives-and-partners\/#breadcrumb\"},\"inLanguage\":\"en-US\",\"potentialAction\":[{\"@type\":\"ReadAction\",\"target\":[\"https:\/\/kpbintra.cz\/en\/sales-representatives-and-partners\/\"]}]},{\"@type\":\"BreadcrumbList\",\"@id\":\"https:\/\/kpbintra.cz\/en\/sales-representatives-and-partners\/#breadcrumb\",\"itemListElement\":[{\"@type\":\"ListItem\",\"position\":1,\"name\":\"Home\",\"item\":\"https:\/\/kpbintra.cz\/en\/\"},{\"@type\":\"ListItem\",\"position\":2,\"name\":\"Sales representatives and partners\"}]},{\"@type\":\"WebSite\",\"@id\":\"https:\/\/kpbintra.cz\/#website\",\"url\":\"https:\/\/kpbintra.cz\/\",\"name\":\"KPB Intra\",\"description\":\"Prvot\u0159\u00eddn\u00ed p\u0159\u00edstrojov\u00e9 transform\u00e1tory\",\"potentialAction\":[{\"@type\":\"SearchAction\",\"target\":{\"@type\":\"EntryPoint\",\"urlTemplate\":\"https:\/\/kpbintra.cz\/?s={search_term_string}\"},\"query-input\":\"required name=search_term_string\"}],\"inLanguage\":\"en-US\"}]}<\/script>\n<!-- \/ Yoast SEO plugin. -->","yoast_head_json":{"title":"Sales representatives and partners - KPB Intra","description":"Sales representatives and partners in 20 countries across Europe, Asia, and Africa allows for consultations with customers in their native language regarding your inquiries and requirements, as well as providing technical support.","robots":{"index":"index","follow":"follow","max-snippet":"max-snippet:-1","max-image-preview":"max-image-preview:large","max-video-preview":"max-video-preview:-1"},"canonical":"https:\/\/kpbintra.cz\/en\/sales-representatives-and-partners\/","og_locale":"en_US","og_type":"article","og_title":"Sales representatives and partners - KPB Intra","og_description":"Sales representatives and partners in 20 countries across Europe, Asia, and Africa allows for consultations with customers in their native language regarding your inquiries and requirements, as well as providing technical support.","og_url":"https:\/\/kpbintra.cz\/en\/sales-representatives-and-partners\/","og_site_name":"KPB Intra","article_modified_time":"2026-03-24T14:44:31+00:00","twitter_card":"summary_large_image","schema":{"@context":"https:\/\/schema.org","@graph":[{"@type":"WebPage","@id":"https:\/\/kpbintra.cz\/en\/sales-representatives-and-partners\/","url":"https:\/\/kpbintra.cz\/en\/sales-representatives-and-partners\/","name":"Sales representatives and partners - KPB Intra","isPartOf":{"@id":"https:\/\/kpbintra.cz\/#website"},"datePublished":"2023-08-24T11:21:54+00:00","dateModified":"2026-03-24T14:44:31+00:00","description":"Sales representatives and partners in 20 countries across Europe, Asia, and Africa allows for consultations with customers in their native language regarding your inquiries and requirements, as well as providing technical support.","breadcrumb":{"@id":"https:\/\/kpbintra.cz\/en\/sales-representatives-and-partners\/#breadcrumb"},"inLanguage":"en-US","potentialAction":[{"@type":"ReadAction","target":["https:\/\/kpbintra.cz\/en\/sales-representatives-and-partners\/"]}]},{"@type":"BreadcrumbList","@id":"https:\/\/kpbintra.cz\/en\/sales-representatives-and-partners\/#breadcrumb","itemListElement":[{"@type":"ListItem","position":1,"name":"Home","item":"https:\/\/kpbintra.cz\/en\/"},{"@type":"ListItem","position":2,"name":"Sales representatives and partners"}]},{"@type":"WebSite","@id":"https:\/\/kpbintra.cz\/#website","url":"https:\/\/kpbintra.cz\/","name":"KPB Intra","description":"Prvot\u0159\u00eddn\u00ed p\u0159\u00edstrojov\u00e9 transform\u00e1tory","potentialAction":[{"@type":"SearchAction","target":{"@type":"EntryPoint","urlTemplate":"https:\/\/kpbintra.cz\/?s={search_term_string}"},"query-input":"required name=search_term_string"}],"inLanguage":"en-US"}]}},"_links":{"self":[{"href":"https:\/\/kpbintra.cz\/en\/wp-json\/wp\/v2\/pages\/4903","targetHints":{"allow":["GET"]}}],"collection":[{"href":"https:\/\/kpbintra.cz\/en\/wp-json\/wp\/v2\/pages"}],"about":[{"href":"https:\/\/kpbintra.cz\/en\/wp-json\/wp\/v2\/types\/page"}],"author":[{"embeddable":true,"href":"https:\/\/kpbintra.cz\/en\/wp-json\/wp\/v2\/users\/1"}],"replies":[{"embeddable":true,"href":"https:\/\/kpbintra.cz\/en\/wp-json\/wp\/v2\/comments?post=4903"}],"version-history":[{"count":20,"href":"https:\/\/kpbintra.cz\/en\/wp-json\/wp\/v2\/pages\/4903\/revisions"}],"predecessor-version":[{"id":7004,"href":"https:\/\/kpbintra.cz\/en\/wp-json\/wp\/v2\/pages\/4903\/revisions\/7004"}],"wp:attachment":[{"href":"https:\/\/kpbintra.cz\/en\/wp-json\/wp\/v2\/media?parent=4903"}],"curies":[{"name":"wp","href":"https:\/\/api.w.org\/{rel}","templated":true}]}}