{"id":4913,"date":"2023-08-17T11:04:11","date_gmt":"2023-08-17T09:04:11","guid":{"rendered":"https:\/\/kpbintra.cz\/hlavni-stranka\/"},"modified":"2026-01-06T11:14:51","modified_gmt":"2026-01-06T10:14:51","slug":"kpb-intra","status":"publish","type":"page","link":"https:\/\/kpbintra.cz\/en\/","title":{"rendered":"Homepage"},"content":{"rendered":"","protected":false},"excerpt":{"rendered":"","protected":false},"author":1,"featured_media":0,"parent":0,"menu_order":0,"comment_status":"closed","ping_status":"closed","template":"template-homepage.php","meta":{"footnotes":""},"class_list":["post-4913","page","type-page","status-publish","hentry"],"yoast_head":"<!-- This site is optimized with the Yoast SEO plugin v20.13 - https:\/\/yoast.com\/wordpress\/plugins\/seo\/ -->\n<title>KPB Intra - Homepage<\/title>\n<meta name=\"description\" content=\"First-class quality, tradition, and experience. KPB Intra is a leading manufacturer of instrument transformers, offering our customers the best services in the measurement and protection of distribution equipment.\" \/>\n<meta name=\"robots\" content=\"index, follow, max-snippet:-1, max-image-preview:large, max-video-preview:-1\" \/>\n<link rel=\"canonical\" href=\"https:\/\/kpbintra.cz\/en\/\" \/>\n<meta property=\"og:locale\" content=\"en_US\" \/>\n<meta property=\"og:type\" content=\"article\" \/>\n<meta property=\"og:title\" content=\"KPB Intra - Homepage\" \/>\n<meta property=\"og:description\" content=\"First-class quality, tradition, and experience. KPB Intra is a leading manufacturer of instrument transformers, offering our customers the best services in the measurement and protection of distribution equipment.\" \/>\n<meta property=\"og:url\" content=\"https:\/\/kpbintra.cz\/en\/\" \/>\n<meta property=\"og:site_name\" content=\"KPB Intra\" \/>\n<meta property=\"article:modified_time\" content=\"2026-01-06T10:14:51+00:00\" \/>\n<meta name=\"twitter:card\" content=\"summary_large_image\" \/>\n<script type=\"application\/ld+json\" class=\"yoast-schema-graph\">{\"@context\":\"https:\/\/schema.org\",\"@graph\":[{\"@type\":\"WebPage\",\"@id\":\"https:\/\/kpbintra.cz\/en\/\",\"url\":\"https:\/\/kpbintra.cz\/en\/\",\"name\":\"KPB Intra - Homepage\",\"isPartOf\":{\"@id\":\"https:\/\/kpbintra.cz\/#website\"},\"datePublished\":\"2023-08-17T09:04:11+00:00\",\"dateModified\":\"2026-01-06T10:14:51+00:00\",\"description\":\"First-class quality, tradition, and experience. KPB Intra is a leading manufacturer of instrument transformers, offering our customers the best services in the measurement and protection of distribution equipment.\",\"breadcrumb\":{\"@id\":\"https:\/\/kpbintra.cz\/en\/#breadcrumb\"},\"inLanguage\":\"en-US\",\"potentialAction\":[{\"@type\":\"ReadAction\",\"target\":[\"https:\/\/kpbintra.cz\/en\/\"]}]},{\"@type\":\"BreadcrumbList\",\"@id\":\"https:\/\/kpbintra.cz\/en\/#breadcrumb\",\"itemListElement\":[{\"@type\":\"ListItem\",\"position\":1,\"name\":\"Home\",\"item\":\"https:\/\/kpbintra.cz\/en\/\"},{\"@type\":\"ListItem\",\"position\":2,\"name\":\"Homepage\"}]},{\"@type\":\"WebSite\",\"@id\":\"https:\/\/kpbintra.cz\/#website\",\"url\":\"https:\/\/kpbintra.cz\/\",\"name\":\"KPB Intra\",\"description\":\"Prvot\u0159\u00eddn\u00ed p\u0159\u00edstrojov\u00e9 transform\u00e1tory\",\"potentialAction\":[{\"@type\":\"SearchAction\",\"target\":{\"@type\":\"EntryPoint\",\"urlTemplate\":\"https:\/\/kpbintra.cz\/?s={search_term_string}\"},\"query-input\":\"required name=search_term_string\"}],\"inLanguage\":\"en-US\"}]}<\/script>\n<!-- \/ Yoast SEO plugin. -->","yoast_head_json":{"title":"KPB Intra - Homepage","description":"First-class quality, tradition, and experience. KPB Intra is a leading manufacturer of instrument transformers, offering our customers the best services in the measurement and protection of distribution equipment.","robots":{"index":"index","follow":"follow","max-snippet":"max-snippet:-1","max-image-preview":"max-image-preview:large","max-video-preview":"max-video-preview:-1"},"canonical":"https:\/\/kpbintra.cz\/en\/","og_locale":"en_US","og_type":"article","og_title":"KPB Intra - Homepage","og_description":"First-class quality, tradition, and experience. KPB Intra is a leading manufacturer of instrument transformers, offering our customers the best services in the measurement and protection of distribution equipment.","og_url":"https:\/\/kpbintra.cz\/en\/","og_site_name":"KPB Intra","article_modified_time":"2026-01-06T10:14:51+00:00","twitter_card":"summary_large_image","schema":{"@context":"https:\/\/schema.org","@graph":[{"@type":"WebPage","@id":"https:\/\/kpbintra.cz\/en\/","url":"https:\/\/kpbintra.cz\/en\/","name":"KPB Intra - Homepage","isPartOf":{"@id":"https:\/\/kpbintra.cz\/#website"},"datePublished":"2023-08-17T09:04:11+00:00","dateModified":"2026-01-06T10:14:51+00:00","description":"First-class quality, tradition, and experience. KPB Intra is a leading manufacturer of instrument transformers, offering our customers the best services in the measurement and protection of distribution equipment.","breadcrumb":{"@id":"https:\/\/kpbintra.cz\/en\/#breadcrumb"},"inLanguage":"en-US","potentialAction":[{"@type":"ReadAction","target":["https:\/\/kpbintra.cz\/en\/"]}]},{"@type":"BreadcrumbList","@id":"https:\/\/kpbintra.cz\/en\/#breadcrumb","itemListElement":[{"@type":"ListItem","position":1,"name":"Home","item":"https:\/\/kpbintra.cz\/en\/"},{"@type":"ListItem","position":2,"name":"Homepage"}]},{"@type":"WebSite","@id":"https:\/\/kpbintra.cz\/#website","url":"https:\/\/kpbintra.cz\/","name":"KPB Intra","description":"Prvot\u0159\u00eddn\u00ed p\u0159\u00edstrojov\u00e9 transform\u00e1tory","potentialAction":[{"@type":"SearchAction","target":{"@type":"EntryPoint","urlTemplate":"https:\/\/kpbintra.cz\/?s={search_term_string}"},"query-input":"required name=search_term_string"}],"inLanguage":"en-US"}]}},"_links":{"self":[{"href":"https:\/\/kpbintra.cz\/en\/wp-json\/wp\/v2\/pages\/4913","targetHints":{"allow":["GET"]}}],"collection":[{"href":"https:\/\/kpbintra.cz\/en\/wp-json\/wp\/v2\/pages"}],"about":[{"href":"https:\/\/kpbintra.cz\/en\/wp-json\/wp\/v2\/types\/page"}],"author":[{"embeddable":true,"href":"https:\/\/kpbintra.cz\/en\/wp-json\/wp\/v2\/users\/1"}],"replies":[{"embeddable":true,"href":"https:\/\/kpbintra.cz\/en\/wp-json\/wp\/v2\/comments?post=4913"}],"version-history":[{"count":22,"href":"https:\/\/kpbintra.cz\/en\/wp-json\/wp\/v2\/pages\/4913\/revisions"}],"predecessor-version":[{"id":6943,"href":"https:\/\/kpbintra.cz\/en\/wp-json\/wp\/v2\/pages\/4913\/revisions\/6943"}],"wp:attachment":[{"href":"https:\/\/kpbintra.cz\/en\/wp-json\/wp\/v2\/media?parent=4913"}],"curies":[{"name":"wp","href":"https:\/\/api.w.org\/{rel}","templated":true}]}}